{"id":417,"date":"2021-06-11T13:56:26","date_gmt":"2021-06-11T11:56:26","guid":{"rendered":"https:\/\/calandreta.establiment.fr\/granatiera\/?page_id=417"},"modified":"2021-06-11T14:18:39","modified_gmt":"2021-06-11T12:18:39","slug":"organizacion","status":"publish","type":"page","link":"https:\/\/granatiera.establiment.fr\/?page_id=417","title":{"rendered":"Organizacion"},"content":{"rendered":"\t\t<div data-elementor-type=\"wp-page\" data-elementor-id=\"417\" class=\"elementor elementor-417\">\n\t\t\t\t\t\t<section class=\"elementor-section elementor-top-section elementor-element elementor-element-e91a027 elementor-section-boxed elementor-section-height-default elementor-section-height-default\" data-id=\"e91a027\" data-element_type=\"section\">\n\t\t\t\t\t\t<div class=\"elementor-container elementor-column-gap-default\">\n\t\t\t\t\t<div class=\"elementor-column elementor-col-100 elementor-top-column elementor-element elementor-element-b3b21eb\" data-id=\"b3b21eb\" data-element_type=\"column\">\n\t\t\t<div class=\"elementor-widget-wrap elementor-element-populated\">\n\t\t\t\t\t\t<div class=\"elementor-element elementor-element-21a372f elementor-widget elementor-widget-spacer\" data-id=\"21a372f\" data-element_type=\"widget\" data-widget_type=\"spacer.default\">\n\t\t\t\t<div class=\"elementor-widget-container\">\n\t\t\t\t\t\t\t<div class=\"elementor-spacer\">\n\t\t\t<div class=\"elementor-spacer-inner\"><\/div>\n\t\t<\/div>\n\t\t\t\t\t\t<\/div>\n\t\t\t\t<\/div>\n\t\t\t\t\t<\/div>\n\t\t<\/div>\n\t\t\t\t\t<\/div>\n\t\t<\/section>\n\t\t\t\t<section class=\"elementor-section elementor-top-section elementor-element elementor-element-020f82a elementor-section-boxed elementor-section-height-default elementor-section-height-default\" data-id=\"020f82a\" data-element_type=\"section\">\n\t\t\t\t\t\t<div class=\"elementor-container elementor-column-gap-default\">\n\t\t\t\t\t<div class=\"elementor-column elementor-col-50 elementor-top-column elementor-element elementor-element-d1fe6d7\" data-id=\"d1fe6d7\" data-element_type=\"column\">\n\t\t\t<div class=\"elementor-widget-wrap elementor-element-populated\">\n\t\t\t\t\t\t<div class=\"elementor-element elementor-element-51be0fb elementor-widget elementor-widget-text-editor\" data-id=\"51be0fb\" data-element_type=\"widget\" data-widget_type=\"text-editor.default\">\n\t\t\t\t<div class=\"elementor-widget-container\">\n\t\t\t\t\t\t\t\t\t<h3>La Confederacion Calandreta \u2013 Ensenhament la\u00edc immersiu occitan<\/h3><p>La Confederacion Calandreta \u2013 Ensenhament la\u00edc immersiu occitan a pour objet de soutenir et promouvoir la langue et la culture occitanes \u00e0 travers l\u2019action des calandretas, \u00e9tablissements d\u2019enseignement la\u00efque, construisant le bilinguisme occitan-francais par immersion en r\u00e9f\u00e9rence \u00e0 la Charte dite \u201cCharte Calandreta\u201d.<\/p><p>La conf\u00e9d\u00e9ration assure la coordination de l\u2019ensemble des structures Calandreta, la coh\u00e9sion du mouvement et la conformit\u00e9 des \u00e9tablissements \u00e0 la Charte.<\/p><p>Les moyens d\u2019action de la conf\u00e9d\u00e9ration sont notamment l\u2019organisation et la gestion d\u2019\u00e9tablissements scolaires et parascolaires, l\u2019\u00e9dition de livres et publications, l\u2019organisation d\u2019expositions, de congr\u00e8s, de conf\u00e9rences et de spectacles, la formation.<\/p><p>La Conf\u00e9d\u00e9ration Calandreta est mandat\u00e9e par les associations locales Calandreta gestionnaires d\u2019\u00e9tablissements et leurs f\u00e9d\u00e9rations, pour \u00eatre leur repr\u00e9sentant comme interlocuteur et partenaire des pouvoirs publics.<\/p><p>Elle est associ\u00e9e aux n\u00e9gociations men\u00e9es et aux accords conclus par les associations locales et leurs f\u00e9d\u00e9rations \u00e0 leurs niveaux de responsabilit\u00e9 et est seule habilit\u00e9e pour mener toutes n\u00e9gociations et conclure tous accords aux niveaux de responsabilit\u00e9 sup\u00e9rieurs.<br \/>La conf\u00e9d\u00e9ration est seule habilit\u00e9e \u00e0 mener, en relation avec les f\u00e9d\u00e9rations r\u00e9gionales, les n\u00e9gociations portant sur les effectifs, le nombre de postes et le projet \u00e9ducatif des \u00e9tablissements Calandreta.<\/p><p>La conf\u00e9d\u00e9ration garantit l\u2019identit\u00e9 Calandreta. Elle accorde son agr\u00e9ment aux associations pr\u00e9figuratives d\u2019\u00e9tablissements d\u2019enseignement Calandreta, aux \u00e9tablissements d\u2019enseignement Calandreta et aux associations locales qui les g\u00e8rent, \u00e0 leurs f\u00e9d\u00e9rations et \u00e0 toute structure dont la cr\u00e9ation serait n\u00e9cessaire pour concourir \u00e0 l\u2019objet de l\u2019association.<br \/>Cet agr\u00e9ment conf\u00e9d\u00e9ral est contractuel et li\u00e9 \u00e0 la qualit\u00e9 de membre de droit de la conf\u00e9d\u00e9ration :<br \/>\u2013 il implique le droit d\u2019utiliser le nom \u201c Calandreta \u201d et de recevoir l\u2019aide de l\u2019ensemble du mouvement Calandreta ;<br \/>\u2013 il implique le devoir de participer aux r\u00e9unions, congr\u00e8s et commissions mis en place par la conf\u00e9d\u00e9ration et les f\u00e9d\u00e9rations, ainsi que celui de se soumettre au contr\u00f4le et \u00e0 la r\u00e9gulation de la conf\u00e9d\u00e9ration.<\/p>\t\t\t\t\t\t\t\t<\/div>\n\t\t\t\t<\/div>\n\t\t\t\t\t<\/div>\n\t\t<\/div>\n\t\t\t\t<div class=\"elementor-column elementor-col-50 elementor-top-column elementor-element elementor-element-05d14ba\" data-id=\"05d14ba\" data-element_type=\"column\">\n\t\t\t<div class=\"elementor-widget-wrap elementor-element-populated\">\n\t\t\t\t\t\t<div class=\"elementor-element elementor-element-af91335 elementor-widget elementor-widget-image\" data-id=\"af91335\" data-element_type=\"widget\" data-widget_type=\"image.default\">\n\t\t\t\t<div class=\"elementor-widget-container\">\n\t\t\t\t\t\t\t\t\t\t\t\t\t\t\t<img fetchpriority=\"high\" decoding=\"async\" width=\"1480\" height=\"2048\" src=\"https:\/\/granatiera.establiment.fr\/wp-content\/uploads\/2021\/06\/Organigrama-Mathieu-1-1480x2048.png\" class=\"attachment-2048x2048 size-2048x2048 wp-image-424\" alt=\"\" srcset=\"https:\/\/granatiera.establiment.fr\/wp-content\/uploads\/2021\/06\/Organigrama-Mathieu-1-1480x2048.png 1480w, https:\/\/granatiera.establiment.fr\/wp-content\/uploads\/2021\/06\/Organigrama-Mathieu-1-217x300.png 217w, https:\/\/granatiera.establiment.fr\/wp-content\/uploads\/2021\/06\/Organigrama-Mathieu-1-740x1024.png 740w, https:\/\/granatiera.establiment.fr\/wp-content\/uploads\/2021\/06\/Organigrama-Mathieu-1-768x1063.png 768w, https:\/\/granatiera.establiment.fr\/wp-content\/uploads\/2021\/06\/Organigrama-Mathieu-1-1110x1536.png 1110w\" sizes=\"(max-width: 1480px) 100vw, 1480px\" \/>\t\t\t\t\t\t\t\t\t\t\t\t\t\t\t<\/div>\n\t\t\t\t<\/div>\n\t\t\t\t<div class=\"elementor-element elementor-element-7f613b0 elementor-align-center elementor-widget elementor-widget-button\" data-id=\"7f613b0\" data-element_type=\"widget\" data-widget_type=\"button.default\">\n\t\t\t\t<div class=\"elementor-widget-container\">\n\t\t\t\t\t\t\t\t\t<div class=\"elementor-button-wrapper\">\n\t\t\t\t\t<a class=\"elementor-button elementor-button-link elementor-size-sm\" href=\"https:\/\/maquette.establiment.fr\/wp-content\/uploads\/permanent\/organigrama-grand.pdf\">\n\t\t\t\t\t\t<span class=\"elementor-button-content-wrapper\">\n\t\t\t\t\t\t\t\t\t<span class=\"elementor-button-text\">Voir en grand<\/span>\n\t\t\t\t\t<\/span>\n\t\t\t\t\t<\/a>\n\t\t\t\t<\/div>\n\t\t\t\t\t\t\t\t<\/div>\n\t\t\t\t<\/div>\n\t\t\t\t\t<\/div>\n\t\t<\/div>\n\t\t\t\t\t<\/div>\n\t\t<\/section>\n\t\t\t\t<section class=\"elementor-section elementor-top-section elementor-element elementor-element-4dfb456 elementor-section-boxed elementor-section-height-default elementor-section-height-default\" data-id=\"4dfb456\" data-element_type=\"section\">\n\t\t\t\t\t\t<div class=\"elementor-container elementor-column-gap-default\">\n\t\t\t\t\t<div class=\"elementor-column elementor-col-100 elementor-top-column elementor-element elementor-element-d35367d\" data-id=\"d35367d\" data-element_type=\"column\">\n\t\t\t<div class=\"elementor-widget-wrap elementor-element-populated\">\n\t\t\t\t\t\t<div class=\"elementor-element elementor-element-a590027 elementor-widget elementor-widget-text-editor\" data-id=\"a590027\" data-element_type=\"widget\" data-widget_type=\"text-editor.default\">\n\t\t\t\t<div class=\"elementor-widget-container\">\n\t\t\t\t\t\t\t\t\t<h3>Les F\u00e9d\u00e9rations<\/h3><h4>Les f\u00e9d\u00e9rations d\u00e9partementales<\/h4><p>Soutiennent les projets \u00e9ducatifs et d\u2019instruction bilingue en occitan et fran\u00e7ais des \u00e9tablissements primaires et secondaires Calandreta du d\u00e9partement.<\/p><ul><li>Soutiennent les projets p\u00e9dagogiques et culturels des \u00e9tablissements.<\/li><li>G\u00e8rent les n\u00e9gociations avec les Conseils d\u00e9partementaux.<\/li><\/ul><h4>Les f\u00e9d\u00e9rations r\u00e9gionales<\/h4><p>Au nombre de six (Aquitaine, Auvergne-Velay, Languedoc, Limousin, Midi-Pyr\u00e9n\u00e9es, Provence), les f\u00e9d\u00e9rations r\u00e9gionales :<\/p><ul><li>Coordonnent les associations Calandreta et les f\u00e9d\u00e9rations d\u00e9partementales de leur r\u00e9gion.<\/li><li>G\u00e8rent le mouvement des enseignants.<\/li><li>Co-financent, avec les \u00e9tablissements, les postes d\u2019enseignants non contractualis\u00e9s.<\/li><li>Soutiennent les \u00e9tablissements Calandreta de leurs d\u00e9partements dans leur gestion, leur administration et leur communication.<\/li><li>Accompagnent le d\u00e9veloppement et la cr\u00e9ation de nouveaux \u00e9tablissements (elles sont les moteurs de la cr\u00e9ation des nouvelles \u00e9coles Calandreta en initiant la cr\u00e9ation d\u2019associations pr\u00e9figuratives).<\/li><li>G\u00e8rent les n\u00e9gociations avec le conseil r\u00e9gional de leur territoire.<\/li><\/ul><p><em>Les territoires des f\u00e9d\u00e9rations Calandreta dites \u00ab r\u00e9gionales \u00bb ou \u00ab d\u00e9partementales \u00bb sont d\u00e9finis par Calandreta et ne suivent pas n\u00e9cessairement le d\u00e9coupage administratif.<\/em><\/p>\t\t\t\t\t\t\t\t<\/div>\n\t\t\t\t<\/div>\n\t\t\t\t\t<\/div>\n\t\t<\/div>\n\t\t\t\t\t<\/div>\n\t\t<\/section>\n\t\t\t\t<section class=\"elementor-section elementor-top-section elementor-element elementor-element-425bff6 elementor-section-boxed elementor-section-height-default elementor-section-height-default\" data-id=\"425bff6\" data-element_type=\"section\">\n\t\t\t\t\t\t<div class=\"elementor-container elementor-column-gap-default\">\n\t\t\t\t\t<div class=\"elementor-column elementor-col-100 elementor-top-column elementor-element elementor-element-7d33b84\" data-id=\"7d33b84\" data-element_type=\"column\">\n\t\t\t<div class=\"elementor-widget-wrap elementor-element-populated\">\n\t\t\t\t\t\t<div class=\"elementor-element elementor-element-ab40f12 elementor-widget elementor-widget-text-editor\" data-id=\"ab40f12\" data-element_type=\"widget\" data-widget_type=\"text-editor.default\">\n\t\t\t\t<div class=\"elementor-widget-container\">\n\t\t\t\t\t\t\t\t\t<h3>Les associations gestionnaires d\u2019\u00e9tablissements<\/h3><p>Chaque \u00e9tablissement Calandreta (\u00e9cole maternelle, primaire, coll\u00e8ges et lyc\u00e9e) est g\u00e9r\u00e9 par une association dont l\u2019objet est :<\/p><ul><li><em>de scolariser en immersion linguistique occitane pr\u00e9coce,<\/em><\/li><li><em>de former des enfants bilingues ma\u00eetrisant parfaitement l\u2019occitan et le fran\u00e7ais en fin de primaire (introduction progressive du fran\u00e7ais en cours de cycle \u00e9l\u00e9mentaire).<\/em><\/li><\/ul><p>Son conseil d\u2019administration (parents \u00e9lus lors de l\u2019assemble g\u00e9n\u00e9rale) :<\/p><ul><li><em>assure le fonctionnement et la gestion de l\u2019\u00e9tablissement en conformit\u00e9 avec les statuts et la Charte Calandreta,<\/em><\/li><li><em>recrute le personnel non enseignant (ATSEMs, animateurs, secr\u00e9taires, agents\u2026),<\/em><\/li><li><em>g\u00e8re les absences du personnel enseignant avec l\u2019aide de la f\u00e9d\u00e9ration r\u00e9gionale,<\/em><\/li><li><em>g\u00e8re les n\u00e9gociations et les contacts avec les autorit\u00e9s locales (mairies), en relation avec l\u2019\u00e9quipe p\u00e9dagogique de l\u2019\u00e9cole d\u00fbment repr\u00e9sent\u00e9e \u00e0 chaque r\u00e9union du conseil d\u2019administration.<\/em><\/li><\/ul>\t\t\t\t\t\t\t\t<\/div>\n\t\t\t\t<\/div>\n\t\t\t\t\t<\/div>\n\t\t<\/div>\n\t\t\t\t\t<\/div>\n\t\t<\/section>\n\t\t\t\t<\/div>\n\t\t","protected":false},"excerpt":{"rendered":"<p>La Confederacion Calandreta \u2013 Ensenhament la\u00edc immersiu occitan La Confederacion Calandreta \u2013 Ensenhament la\u00edc immersiu occitan a pour objet de soutenir et promouvoir la langue et la culture occitanes \u00e0 [&hellip;]<\/p>\n","protected":false},"author":2,"featured_media":0,"parent":0,"menu_order":0,"comment_status":"closed","ping_status":"closed","template":"","meta":{"footnotes":""},"class_list":["post-417","page","type-page","status-publish","hentry","entry"],"_links":{"self":[{"href":"https:\/\/granatiera.establiment.fr\/index.php?rest_route=\/wp\/v2\/pages\/417","targetHints":{"allow":["GET"]}}],"collection":[{"href":"https:\/\/granatiera.establiment.fr\/index.php?rest_route=\/wp\/v2\/pages"}],"about":[{"href":"https:\/\/granatiera.establiment.fr\/index.php?rest_route=\/wp\/v2\/types\/page"}],"author":[{"embeddable":true,"href":"https:\/\/granatiera.establiment.fr\/index.php?rest_route=\/wp\/v2\/users\/2"}],"replies":[{"embeddable":true,"href":"https:\/\/granatiera.establiment.fr\/index.php?rest_route=%2Fwp%2Fv2%2Fcomments&post=417"}],"version-history":[{"count":16,"href":"https:\/\/granatiera.establiment.fr\/index.php?rest_route=\/wp\/v2\/pages\/417\/revisions"}],"predecessor-version":[{"id":442,"href":"https:\/\/granatiera.establiment.fr\/index.php?rest_route=\/wp\/v2\/pages\/417\/revisions\/442"}],"wp:attachment":[{"href":"https:\/\/granatiera.establiment.fr\/index.php?rest_route=%2Fwp%2Fv2%2Fmedia&parent=417"}],"curies":[{"name":"wp","href":"https:\/\/api.w.org\/{rel}","templated":true}]}}