{"id":496,"date":"2021-06-11T15:13:11","date_gmt":"2021-06-11T13:13:11","guid":{"rendered":"https:\/\/calandreta.establiment.fr\/granatiera\/?page_id=496"},"modified":"2022-02-04T15:23:21","modified_gmt":"2022-02-04T14:23:21","slug":"presentacion-de-las-colas","status":"publish","type":"page","link":"https:\/\/granatiera.establiment.fr\/?page_id=496","title":{"rendered":"Presentacion de las c\u00f2las"},"content":{"rendered":"\t\t<div data-elementor-type=\"wp-page\" data-elementor-id=\"496\" class=\"elementor elementor-496\">\n\t\t\t\t\t\t<section class=\"elementor-section elementor-top-section elementor-element elementor-element-99af79d elementor-section-boxed elementor-section-height-default elementor-section-height-default\" data-id=\"99af79d\" data-element_type=\"section\">\n\t\t\t\t\t\t<div class=\"elementor-container elementor-column-gap-default\">\n\t\t\t\t\t<div class=\"elementor-column elementor-col-100 elementor-top-column elementor-element elementor-element-49e026a\" data-id=\"49e026a\" data-element_type=\"column\">\n\t\t\t<div class=\"elementor-widget-wrap elementor-element-populated\">\n\t\t\t\t\t\t<div class=\"elementor-element elementor-element-6276954 elementor-widget elementor-widget-heading\" data-id=\"6276954\" data-element_type=\"widget\" data-widget_type=\"heading.default\">\n\t\t\t\t<div class=\"elementor-widget-container\">\n\t\t\t\t\t<h2 class=\"elementor-heading-title elementor-size-default\"><span style=\"font-family: var( --e-global-typography-primary-font-family ), Sans-serif;font-size: 20px;font-style: normal;font-weight: var( --e-global-typography-primary-font-weight )\">Pr\u00e9sentation<\/span><\/h2>\t\t\t\t<\/div>\n\t\t\t\t<\/div>\n\t\t\t\t\t<\/div>\n\t\t<\/div>\n\t\t\t\t\t<\/div>\n\t\t<\/section>\n\t\t\t\t<section class=\"elementor-section elementor-top-section elementor-element elementor-element-21b21d8 elementor-section-boxed elementor-section-height-default elementor-section-height-default\" data-id=\"21b21d8\" data-element_type=\"section\">\n\t\t\t\t\t\t<div class=\"elementor-container elementor-column-gap-default\">\n\t\t\t\t\t<div class=\"elementor-column elementor-col-100 elementor-top-column elementor-element elementor-element-79f0f77\" data-id=\"79f0f77\" data-element_type=\"column\">\n\t\t\t<div class=\"elementor-widget-wrap elementor-element-populated\">\n\t\t\t\t\t\t<div class=\"elementor-element elementor-element-f40a999 elementor-widget elementor-widget-spacer\" data-id=\"f40a999\" data-element_type=\"widget\" data-widget_type=\"spacer.default\">\n\t\t\t\t<div class=\"elementor-widget-container\">\n\t\t\t\t\t\t\t<div class=\"elementor-spacer\">\n\t\t\t<div class=\"elementor-spacer-inner\"><\/div>\n\t\t<\/div>\n\t\t\t\t\t\t<\/div>\n\t\t\t\t<\/div>\n\t\t\t\t<div class=\"elementor-element elementor-element-8402aff elementor-widget elementor-widget-text-editor\" data-id=\"8402aff\" data-element_type=\"widget\" data-widget_type=\"text-editor.default\">\n\t\t\t\t<div class=\"elementor-widget-container\">\n\t\t\t\t\t\t\t\t\t<div><p><span style=\"font-size: 14px; color: var( --e-global-color-text );\">La<\/span> <span style=\"font-size: 14px; color: var( --e-global-color-text );\">Calandreta<\/span> <span style=\"font-size: 14px; color: var( --e-global-color-text );\">d\u2019Aurenja<\/span> <span style=\"font-size: 14px; color: var( --e-global-color-text );\">est<\/span> <span style=\"font-size: 14px; color: var( --e-global-color-text );\">une<\/span> <span style=\"font-size: 14px; color: var( --e-global-color-text );\">\u00e9cole<\/span> <span style=\"font-size: 14px; color: var( --e-global-color-text );\">maternelle<\/span> <span style=\"font-size: 14px; color: var( --e-global-color-text );\">et<\/span> <span style=\"font-size: 14px; color: var( --e-global-color-text );\">\u00e9l\u00e9mentaire<\/span> <span style=\"font-size: 14px; color: var( --e-global-color-text );\">associative<\/span> <span style=\"font-size: 14px; color: var( --e-global-color-text );\">fond\u00e9e<\/span> <span style=\"font-size: 14px; color: var( --e-global-color-text );\">en<\/span> <span style=\"font-size: 14px; color: var( --e-global-color-text );\">1993.<\/span> <span style=\"font-size: 14px; color: var( --e-global-color-text );\">Le<\/span> <span style=\"font-size: 14px; color: var( --e-global-color-text );\">contrat<\/span> <span style=\"font-size: 14px; color: var( --e-global-color-text );\">d\u2019association<\/span> <span style=\"font-size: 14px; color: var( --e-global-color-text );\">a<\/span> <span style=\"font-size: 14px; color: var( --e-global-color-text );\">\u00e9t\u00e9<\/span> <span style=\"font-size: 14px; color: var( --e-global-color-text );\">sign\u00e9<\/span> <span style=\"font-size: 14px; color: var( --e-global-color-text );\">avec<\/span> <span style=\"font-size: 14px; color: var( --e-global-color-text );\">l\u2019\u00c9tat<\/span> <span style=\"font-size: 14px; color: var( --e-global-color-text );\">en<\/span> <span style=\"font-size: 14px; color: var( --e-global-color-text );\">1996.<\/span><\/p><p style=\"line-height: 210%; margin: 4.55pt 82.35pt .0001pt 0cm;\">\u00a0<\/p><p style=\"line-height: 15.65pt; mso-line-height-rule: exactly;\">C\u2019est une \u00e9cole la\u00efque, dont les particularit\u00e9s sont l\u2019immersion dans la langue occitan-proven\u00e7al, la\u00a0<span style=\"font-size: 14px; color: var( --e-global-color-text );\">p\u00e9dagogie institutionnelle, et la gestion associative par les parents d\u2019\u00e9l\u00e8ves.\u00a0<\/span><span style=\"font-size: 14px; text-align: justify; color: var( --e-global-color-text );\">L\u2019association rassemble plus d\u2019une centaine d\u2019adh\u00e9rents et une soixantaine d\u2019enfants sont actuellement scolaris\u00e9s.<\/span><\/p><p style=\"margin-top: .2pt;\"><span style=\"font-size: 14px; text-align: justify; color: var( --e-global-color-text );\">Les \u00e9l\u00e8ves, scolaris\u00e9s de la tr\u00e8s petite section au CM2, sont encadr\u00e9s par 4 enseignants d\u00e9tach\u00e9s de l\u2019\u00c9ducation Nationale, 1 enseignante mise \u00e0 disposition par la F\u00e9d\u00e9ration r\u00e9gionale d\u00e9di\u00e9e \u00e0 l\u2019enseignement du fran\u00e7ais, 5 salari\u00e9es et 2 volontaires en service civique.<\/span><\/p><\/div>\t\t\t\t\t\t\t\t<\/div>\n\t\t\t\t<\/div>\n\t\t\t\t\t<\/div>\n\t\t<\/div>\n\t\t\t\t\t<\/div>\n\t\t<\/section>\n\t\t\t\t<section class=\"elementor-section elementor-top-section elementor-element elementor-element-f13a488 elementor-section-boxed elementor-section-height-default elementor-section-height-default\" data-id=\"f13a488\" data-element_type=\"section\">\n\t\t\t\t\t\t<div class=\"elementor-container elementor-column-gap-default\">\n\t\t\t\t\t<div class=\"elementor-column elementor-col-100 elementor-top-column elementor-element elementor-element-732c0ee\" data-id=\"732c0ee\" data-element_type=\"column\">\n\t\t\t<div class=\"elementor-widget-wrap elementor-element-populated\">\n\t\t\t\t\t\t<div class=\"elementor-element elementor-element-87a839c elementor-widget elementor-widget-heading\" data-id=\"87a839c\" data-element_type=\"widget\" data-widget_type=\"heading.default\">\n\t\t\t\t<div class=\"elementor-widget-container\">\n\t\t\t\t\t<h2 class=\"elementor-heading-title elementor-size-default\">L'\u00e9quipe p\u00e9dagogique<\/h2>\t\t\t\t<\/div>\n\t\t\t\t<\/div>\n\t\t\t\t<div class=\"elementor-element elementor-element-e3fecea elementor-widget elementor-widget-text-editor\" data-id=\"e3fecea\" data-element_type=\"widget\" data-widget_type=\"text-editor.default\">\n\t\t\t\t<div class=\"elementor-widget-container\">\n\t\t\t\t\t\t\t\t\t<p>&#8211;<\/p><p>&#8211;<\/p><p>&#8211;<\/p>\t\t\t\t\t\t\t\t<\/div>\n\t\t\t\t<\/div>\n\t\t\t\t\t<\/div>\n\t\t<\/div>\n\t\t\t\t\t<\/div>\n\t\t<\/section>\n\t\t\t\t<section class=\"elementor-section elementor-top-section elementor-element elementor-element-c671d85 elementor-section-boxed elementor-section-height-default elementor-section-height-default\" data-id=\"c671d85\" data-element_type=\"section\">\n\t\t\t\t\t\t<div class=\"elementor-container elementor-column-gap-default\">\n\t\t\t\t\t<div class=\"elementor-column elementor-col-100 elementor-top-column elementor-element elementor-element-6331eb5\" data-id=\"6331eb5\" data-element_type=\"column\">\n\t\t\t<div class=\"elementor-widget-wrap elementor-element-populated\">\n\t\t\t\t\t\t<div class=\"elementor-element elementor-element-6408c58 elementor-widget elementor-widget-heading\" data-id=\"6408c58\" data-element_type=\"widget\" data-widget_type=\"heading.default\">\n\t\t\t\t<div class=\"elementor-widget-container\">\n\t\t\t\t\t<h2 class=\"elementor-heading-title elementor-size-default\">La direction<\/h2>\t\t\t\t<\/div>\n\t\t\t\t<\/div>\n\t\t\t\t<div class=\"elementor-element elementor-element-7577dce elementor-widget elementor-widget-text-editor\" data-id=\"7577dce\" data-element_type=\"widget\" data-widget_type=\"text-editor.default\">\n\t\t\t\t<div class=\"elementor-widget-container\">\n\t\t\t\t\t\t\t\t\t<p>&#8211;<\/p><p>&#8211;<\/p><p>&#8211;<\/p>\t\t\t\t\t\t\t\t<\/div>\n\t\t\t\t<\/div>\n\t\t\t\t\t<\/div>\n\t\t<\/div>\n\t\t\t\t\t<\/div>\n\t\t<\/section>\n\t\t\t\t<section class=\"elementor-section elementor-top-section elementor-element elementor-element-e3a62e5 elementor-section-boxed elementor-section-height-default elementor-section-height-default\" data-id=\"e3a62e5\" data-element_type=\"section\">\n\t\t\t\t\t\t<div class=\"elementor-container elementor-column-gap-default\">\n\t\t\t\t\t<div class=\"elementor-column elementor-col-100 elementor-top-column elementor-element elementor-element-e9fe4ed\" data-id=\"e9fe4ed\" data-element_type=\"column\">\n\t\t\t<div class=\"elementor-widget-wrap elementor-element-populated\">\n\t\t\t\t\t\t<div class=\"elementor-element elementor-element-b78f317 elementor-widget elementor-widget-heading\" data-id=\"b78f317\" data-element_type=\"widget\" data-widget_type=\"heading.default\">\n\t\t\t\t<div class=\"elementor-widget-container\">\n\t\t\t\t\t<h2 class=\"elementor-heading-title elementor-size-default\">Vie scolaire<\/h2>\t\t\t\t<\/div>\n\t\t\t\t<\/div>\n\t\t\t\t\t<\/div>\n\t\t<\/div>\n\t\t\t\t\t<\/div>\n\t\t<\/section>\n\t\t\t\t<\/div>\n\t\t","protected":false},"excerpt":{"rendered":"<p>Pr\u00e9sentation La Calandreta d\u2019Aurenja est une \u00e9cole maternelle et \u00e9l\u00e9mentaire associative fond\u00e9e en 1993. Le contrat d\u2019association a \u00e9t\u00e9 sign\u00e9 avec l\u2019\u00c9tat en 1996. \u00a0 C\u2019est une \u00e9cole la\u00efque, dont [&hellip;]<\/p>\n","protected":false},"author":2,"featured_media":0,"parent":0,"menu_order":0,"comment_status":"closed","ping_status":"closed","template":"","meta":{"footnotes":""},"class_list":["post-496","page","type-page","status-publish","hentry","entry"],"_links":{"self":[{"href":"https:\/\/granatiera.establiment.fr\/index.php?rest_route=\/wp\/v2\/pages\/496","targetHints":{"allow":["GET"]}}],"collection":[{"href":"https:\/\/granatiera.establiment.fr\/index.php?rest_route=\/wp\/v2\/pages"}],"about":[{"href":"https:\/\/granatiera.establiment.fr\/index.php?rest_route=\/wp\/v2\/types\/page"}],"author":[{"embeddable":true,"href":"https:\/\/granatiera.establiment.fr\/index.php?rest_route=\/wp\/v2\/users\/2"}],"replies":[{"embeddable":true,"href":"https:\/\/granatiera.establiment.fr\/index.php?rest_route=%2Fwp%2Fv2%2Fcomments&post=496"}],"version-history":[{"count":8,"href":"https:\/\/granatiera.establiment.fr\/index.php?rest_route=\/wp\/v2\/pages\/496\/revisions"}],"predecessor-version":[{"id":824,"href":"https:\/\/granatiera.establiment.fr\/index.php?rest_route=\/wp\/v2\/pages\/496\/revisions\/824"}],"wp:attachment":[{"href":"https:\/\/granatiera.establiment.fr\/index.php?rest_route=%2Fwp%2Fv2%2Fmedia&parent=496"}],"curies":[{"name":"wp","href":"https:\/\/api.w.org\/{rel}","templated":true}]}}